{"id":2,"date":"2021-06-29T11:48:51","date_gmt":"2021-06-29T11:48:51","guid":{"rendered":"http:\/\/www.movinghome.es\/blog\/?page_id=2"},"modified":"2024-03-14T18:16:58","modified_gmt":"2024-03-14T18:16:58","slug":"blog-movinghome","status":"publish","type":"page","link":"https:\/\/www.movinghome.es\/blog\/","title":{"rendered":"BLOG"},"content":{"rendered":"<p>[et_pb_section fb_built=\u00bb1&#8243; admin_label=\u00bbsection\u00bb _builder_version=\u00bb4.9.7&#8243;][et_pb_row column_structure=\u00bb1_2,1_2&#8243; _builder_version=\u00bb4.9.7&#8243; _module_preset=\u00bbdefault\u00bb custom_padding=\u00bb0px|0px|0px|0px|false|false\u00bb border_color_all=\u00bb#00923f\u00bb][et_pb_column type=\u00bb1_2&#8243; _builder_version=\u00bb4.9.7&#8243; _module_preset=\u00bbdefault\u00bb][et_pb_blog fullwidth=\u00bboff\u00bb posts_number=\u00bb1&#8243; include_categories=\u00bb10&#8243; use_overlay=\u00bbon\u00bb _builder_version=\u00bb4.9.7&#8243; _module_preset=\u00bbdefault\u00bb border_radii_image=\u00bboff||||\u00bb][\/et_pb_blog][et_pb_image src=\u00bbhttp:\/\/www.movinghome.es\/blog\/wp-content\/uploads\/2021\/07\/desierto.png\u00bb title_text=\u00bbdesierto\u00bb url=\u00bb@ET-DC@eyJkeW5hbWljIjp0cnVlLCJjb250ZW50IjoicG9zdF9saW5rX3VybF9wb3N0Iiwic2V0dGluZ3MiOnsicG9zdF9pZCI6IjIzOSJ9fQ==@\u00bb _builder_version=\u00bb4.9.7&#8243; _dynamic_attributes=\u00bburl\u00bb _module_preset=\u00bbdefault\u00bb][\/et_pb_image][\/et_pb_column][et_pb_column type=\u00bb1_2&#8243; _builder_version=\u00bb4.9.7&#8243; _module_preset=\u00bbdefault\u00bb][et_pb_blog fullwidth=\u00bboff\u00bb posts_number=\u00bb1&#8243; include_categories=\u00bb9&#8243; _builder_version=\u00bb4.9.7&#8243; _module_preset=\u00bbdefault\u00bb border_color_all_fullwidth=\u00bb#00923f\u00bb][\/et_pb_blog][et_pb_image src=\u00bbhttp:\/\/www.movinghome.es\/blog\/wp-content\/uploads\/2021\/07\/forrado-fachada-porexpan.png\u00bb title_text=\u00bbforrado-fachada-porexpan\u00bb url=\u00bb@ET-DC@eyJkeW5hbWljIjp0cnVlLCJjb250ZW50IjoicG9zdF9saW5rX3VybF9wb3N0Iiwic2V0dGluZ3MiOnsicG9zdF9pZCI6IjIwOSJ9fQ==@\u00bb _builder_version=\u00bb4.9.7&#8243; _dynamic_attributes=\u00bburl\u00bb _module_preset=\u00bbdefault\u00bb][\/et_pb_image][\/et_pb_column][\/et_pb_row][\/et_pb_section][et_pb_section fb_built=\u00bb1&#8243; admin_label=\u00bbsection\u00bb _builder_version=\u00bb4.9.7&#8243; background_color=\u00bb#000000&#8243; width=\u00bb100%\u00bb max_width=\u00bb100%\u00bb module_alignment=\u00bbcenter\u00bb][et_pb_row column_structure=\u00bb1_4,1_4,1_2&#8243; _builder_version=\u00bb4.9.7&#8243; _module_preset=\u00bbdefault\u00bb background_color=\u00bb#000000&#8243; width=\u00bb100%\u00bb max_width=\u00bb2560px\u00bb custom_padding=\u00bb78px||80px|||\u00bb][et_pb_column type=\u00bb1_4&#8243; _builder_version=\u00bb4.9.7&#8243; _module_preset=\u00bbdefault\u00bb custom_padding=\u00bb|0px||35px|false|false\u00bb][et_pb_text _builder_version=\u00bb4.9.7&#8243; _module_preset=\u00bbdefault\u00bb]<\/p>\n<h2><span style=\"color: #ffffff;\">MovingHome<\/span><\/h2>\n<p>[\/et_pb_text][et_pb_text _builder_version=\u00bb4.9.7&#8243; _module_preset=\u00bbdefault\u00bb width=\u00bb100%\u00bb max_width=\u00bb100%\u00bb custom_margin=\u00bb|-52px||||\u00bb custom_padding=\u00bb0px|0px|0px||false|false\u00bb]<\/p>\n<p style=\"text-align: justify;\"><span style=\"color: #999999;\">MovingHome naci\u00f3 con la idea de modernizar la construcci\u00f3n y el concepto de hogar. La sociedad actual est\u00e1 en constante movimiento, la gente no se ancla a un lugar o a un trabajo de por vida. Las personas somos din\u00e1micas y nos movemos, por lo tanto debemos de estar preparados&#8230; <\/span><a href=\"http:\/\/www.movinghome.es\/empresa.html\"><span style=\"color: #ffffff;\">Leer M\u00e1s<\/span><\/a><\/p>\n<p>[\/et_pb_text][et_pb_divider color=\u00bbrgba(255,255,255,0.32)\u00bb divider_position=\u00bbcenter\u00bb divider_weight=\u00bb1px\u00bb _builder_version=\u00bb4.9.7&#8243; _module_preset=\u00bbdefault\u00bb transform_scale=\u00bb59%|59%\u00bb module_alignment=\u00bbcenter\u00bb animation_style=\u00bbflip\u00bb border_color_all=\u00bb#FFFFFF\u00bb][\/et_pb_divider][et_pb_text _builder_version=\u00bb4.9.7&#8243; _module_preset=\u00bbdefault\u00bb link_option_url=\u00bbhttp:\/\/www.movinghome.es\/blog\/faq\/\u00bb]<\/p>\n<h2><span style=\"color: #ffffff;\">Preguntas Frecuentes (FAQ)<br \/>\n<\/span><\/h2>\n<p>[\/et_pb_text][\/et_pb_column][et_pb_column type=\u00bb1_4&#8243; _builder_version=\u00bb4.9.7&#8243; _module_preset=\u00bbdefault\u00bb][et_pb_text _builder_version=\u00bb4.9.7&#8243; _module_preset=\u00bbdefault\u00bb]<\/p>\n<h2><span style=\"color: #ffffff;\">CONTACTO<\/span><\/h2>\n<p>[\/et_pb_text][et_pb_text _builder_version=\u00bb4.9.7&#8243; _module_preset=\u00bbdefault\u00bb]<\/p>\n<h2><span style=\"color: #ffffff;\">(+34) 972\u00a0 17 74 23<\/span><\/h2>\n<p><span style=\"color: #999999;\">Carretera Lloret 21<\/span><br \/><span style=\"color: #999999;\">17411 Vidreres (Girona)<\/span><\/p>\n<p><span style=\"color: #999999;\">Email : i<span style=\"color: #ffffff;\">info@movinghome.es<\/span><\/span><\/p>\n<p>[\/et_pb_text][et_pb_social_media_follow icon_color=\u00bb#FFFFFF\u00bb _builder_version=\u00bb4.9.7&#8243; _module_preset=\u00bbdefault\u00bb][et_pb_social_media_follow_network social_network=\u00bbfacebook\u00bb url=\u00bbhttps:\/\/es-la.facebook.com\/CasasModulablesMovingHome\/\u00bb icon_color=\u00bb#000000&#8243; _builder_version=\u00bb4.9.7&#8243; _module_preset=\u00bbdefault\u00bb background_color=\u00bb#FFFFFF\u00bb background_enable_color=\u00bbon\u00bb border_radii=\u00bboff|3px|3px|3px|3px\u00bb follow_button=\u00bboff\u00bb url_new_window=\u00bbon\u00bb]facebook[\/et_pb_social_media_follow_network][et_pb_social_media_follow_network social_network=\u00bbyoutube\u00bb url=\u00bbhttps:\/\/www.youtube.com\/channel\/UCUz7qo29dHqcvEwNfcw5C3w\u00bb icon_color=\u00bb#000000&#8243; _builder_version=\u00bb4.9.7&#8243; _module_preset=\u00bbdefault\u00bb background_color=\u00bb#FFFFFF\u00bb background_enable_color=\u00bbon\u00bb follow_button=\u00bboff\u00bb url_new_window=\u00bbon\u00bb]youtube[\/et_pb_social_media_follow_network][\/et_pb_social_media_follow][et_pb_divider color=\u00bbrgba(255,255,255,0.32)\u00bb divider_position=\u00bbcenter\u00bb divider_weight=\u00bb1px\u00bb _builder_version=\u00bb4.9.7&#8243; _module_preset=\u00bbdefault\u00bb transform_scale=\u00bb59%|59%\u00bb module_alignment=\u00bbcenter\u00bb animation_style=\u00bbflip\u00bb border_color_all=\u00bb#FFFFFF\u00bb][\/et_pb_divider][et_pb_text _builder_version=\u00bb4.9.7&#8243; _module_preset=\u00bbdefault\u00bb link_option_url=\u00bbhttp:\/\/www.movinghome.es\/blog\/faq\/\u00bb]<\/p>\n<h2><span class=\"VIiyi\" lang=\"es\" style=\"color: #ffffff;\"><span class=\"JLqJ4b ChMk0b\" data-language-for-alternatives=\"es\" data-language-to-translate-into=\"la\" data-phrase-index=\"0\">Suscripci\u00f3n Noticias<\/span><\/span><\/h2>\n<p>[\/et_pb_text][\/et_pb_column][et_pb_column type=\u00bb1_2&#8243; _builder_version=\u00bb4.9.7&#8243; _module_preset=\u00bbdefault\u00bb][et_pb_text _builder_version=\u00bb4.9.7&#8243; _module_preset=\u00bbdefault\u00bb]<\/p>\n<h2><span style=\"color: #ffffff;\">Mensaje<\/span><\/h2>\n<p>[\/et_pb_text][et_pb_contact_form email=\u00bbpmorgado@movinghome.es\u00bb _builder_version=\u00bb4.9.7&#8243; _module_preset=\u00bbdefault\u00bb custom_button=\u00bbon\u00bb button_text_color=\u00bb#FFFFFF\u00bb button_bg_color=\u00bb#039538&#8243; button_icon_placement=\u00bbleft\u00bb max_width=\u00bb90%\u00bb box_shadow_style_button=\u00bbpreset6&#8243;][et_pb_contact_field field_id=\u00bbNombre\u00bb field_title=\u00bbNombre\u00bb _builder_version=\u00bb4.9.7&#8243; button_text_size__hover_enabled=\u00bboff\u00bb button_one_text_size__hover_enabled=\u00bboff\u00bb button_two_text_size__hover_enabled=\u00bboff\u00bb button_text_color__hover_enabled=\u00bboff\u00bb button_one_text_color__hover_enabled=\u00bboff\u00bb button_two_text_color__hover_enabled=\u00bboff\u00bb button_border_width__hover_enabled=\u00bboff\u00bb button_one_border_width__hover_enabled=\u00bboff\u00bb button_two_border_width__hover_enabled=\u00bboff\u00bb button_border_color__hover_enabled=\u00bboff\u00bb button_one_border_color__hover_enabled=\u00bboff\u00bb button_two_border_color__hover_enabled=\u00bboff\u00bb button_border_radius__hover_enabled=\u00bboff\u00bb button_one_border_radius__hover_enabled=\u00bboff\u00bb button_two_border_radius__hover_enabled=\u00bboff\u00bb button_letter_spacing__hover_enabled=\u00bboff\u00bb button_one_letter_spacing__hover_enabled=\u00bboff\u00bb button_two_letter_spacing__hover_enabled=\u00bboff\u00bb button_bg_color__hover_enabled=\u00bboff\u00bb button_one_bg_color__hover_enabled=\u00bboff\u00bb button_two_bg_color__hover_enabled=\u00bboff\u00bb][\/et_pb_contact_field][et_pb_contact_field field_id=\u00bbEmail\u00bb field_title=\u00bbEmail\u00bb field_type=\u00bbemail\u00bb _builder_version=\u00bb4.9.7&#8243; button_text_size__hover_enabled=\u00bboff\u00bb button_one_text_size__hover_enabled=\u00bboff\u00bb button_two_text_size__hover_enabled=\u00bboff\u00bb button_text_color__hover_enabled=\u00bboff\u00bb button_one_text_color__hover_enabled=\u00bboff\u00bb button_two_text_color__hover_enabled=\u00bboff\u00bb button_border_width__hover_enabled=\u00bboff\u00bb button_one_border_width__hover_enabled=\u00bboff\u00bb button_two_border_width__hover_enabled=\u00bboff\u00bb button_border_color__hover_enabled=\u00bboff\u00bb button_one_border_color__hover_enabled=\u00bboff\u00bb button_two_border_color__hover_enabled=\u00bboff\u00bb button_border_radius__hover_enabled=\u00bboff\u00bb button_one_border_radius__hover_enabled=\u00bboff\u00bb button_two_border_radius__hover_enabled=\u00bboff\u00bb button_letter_spacing__hover_enabled=\u00bboff\u00bb button_one_letter_spacing__hover_enabled=\u00bboff\u00bb button_two_letter_spacing__hover_enabled=\u00bboff\u00bb button_bg_color__hover_enabled=\u00bboff\u00bb button_one_bg_color__hover_enabled=\u00bboff\u00bb button_two_bg_color__hover_enabled=\u00bboff\u00bb][\/et_pb_contact_field][et_pb_contact_field field_id=\u00bbMensaje\u00bb field_title=\u00bbMensaje\u00bb field_type=\u00bbtext\u00bb fullwidth_field=\u00bbon\u00bb _builder_version=\u00bb4.9.7&#8243; button_text_size__hover_enabled=\u00bboff\u00bb button_one_text_size__hover_enabled=\u00bboff\u00bb button_two_text_size__hover_enabled=\u00bboff\u00bb button_text_color__hover_enabled=\u00bboff\u00bb button_one_text_color__hover_enabled=\u00bboff\u00bb button_two_text_color__hover_enabled=\u00bboff\u00bb button_border_width__hover_enabled=\u00bboff\u00bb button_one_border_width__hover_enabled=\u00bboff\u00bb button_two_border_width__hover_enabled=\u00bboff\u00bb button_border_color__hover_enabled=\u00bboff\u00bb button_one_border_color__hover_enabled=\u00bboff\u00bb button_two_border_color__hover_enabled=\u00bboff\u00bb button_border_radius__hover_enabled=\u00bboff\u00bb button_one_border_radius__hover_enabled=\u00bboff\u00bb button_two_border_radius__hover_enabled=\u00bboff\u00bb button_letter_spacing__hover_enabled=\u00bboff\u00bb button_one_letter_spacing__hover_enabled=\u00bboff\u00bb button_two_letter_spacing__hover_enabled=\u00bboff\u00bb button_bg_color__hover_enabled=\u00bboff\u00bb button_one_bg_color__hover_enabled=\u00bboff\u00bb button_two_bg_color__hover_enabled=\u00bboff\u00bb][\/et_pb_contact_field][et_pb_contact_field field_id=\u00bbTel\u00e9fono\u00bb field_title=\u00bbTel\u00e9fono\u00bb _builder_version=\u00bb4.9.7&#8243; _module_preset=\u00bbdefault\u00bb][\/et_pb_contact_field][et_pb_contact_field field_id=\u00bbLocalidad\u00bb field_title=\u00bbLocalidad\u00bb _builder_version=\u00bb4.9.7&#8243; _module_preset=\u00bbdefault\u00bb][\/et_pb_contact_field][et_pb_contact_field field_id=\u00bbDispone_de_terreno\u00bb field_title=\u00bbDispone de terreno\u00bb field_type=\u00bbcheckbox\u00bb checkbox_options=\u00bb%91{%22value%22:%22Si%22,%22checked%22:0,%22dragID%22:-1},{%22value%22:%22No%22,%22checked%22:0,%22dragID%22:0}%93&#8243; _builder_version=\u00bb4.9.7&#8243; _module_preset=\u00bbdefault\u00bb][\/et_pb_contact_field][et_pb_contact_field field_id=\u00bbMunicipio_del_terreno\u00bb field_title=\u00bbMunicipio del terreno\u00bb _builder_version=\u00bb4.9.7&#8243; _module_preset=\u00bbdefault\u00bb][\/et_pb_contact_field][et_pb_contact_field field_id=\u00bb\u00bfC\u00f3mo_nos_conoci\u00f3?\u00bb field_title=\u00bb\u00bfC\u00f3mo nos conoci\u00f3?\u00bb field_type=\u00bbselect\u00bb select_options=\u00bb%91{%22value%22:%22B\u00fasqueda en Google%22,%22checked%22:0,%22dragID%22:1},{%22value%22:%22Youtube%22,%22checked%22:0,%22dragID%22:3},{%22value%22:%22E-mail comercial%22,%22checked%22:0,%22dragID%22:4},{%22value%22:%22Recomendaci\u00f3n amigo\/conocido%22,%22checked%22:0,%22dragID%22:2}%93&#8243; fullwidth_field=\u00bbon\u00bb _builder_version=\u00bb4.9.7&#8243; _module_preset=\u00bbdefault\u00bb][\/et_pb_contact_field][et_pb_contact_field field_id=\u00bbPol\u00edtica_de_Privacidad\u00bb field_title=\u00bbPol\u00edtica de Privacidad\u00bb field_type=\u00bbcheckbox\u00bb checkbox_options=\u00bb%91{%22value%22:%22Acepto%22,%22checked%22:0,%22dragID%22:-1}%93&#8243; fullwidth_field=\u00bbon\u00bb _builder_version=\u00bb4.9.7&#8243; _module_preset=\u00bbdefault\u00bb link_option_url=\u00bbhttp:\/\/www.movinghome.es\/politica-privacidad.html\u00bb link_option_url_new_window=\u00bbon\u00bb][\/et_pb_contact_field][\/et_pb_contact_form][\/et_pb_column][\/et_pb_row][et_pb_row column_structure=\u00bb1_3,2_3&#8243; _builder_version=\u00bb4.9.7&#8243; _module_preset=\u00bbdefault\u00bb][et_pb_column type=\u00bb1_3&#8243; _builder_version=\u00bb4.9.7&#8243; _module_preset=\u00bbdefault\u00bb][et_pb_image src=\u00bbhttp:\/\/www.movinghome.es\/blog\/wp-content\/uploads\/2021\/06\/pie-1.png\u00bb title_text=\u00bbpie\u00bb align=\u00bbright\u00bb _builder_version=\u00bb4.9.7&#8243; _module_preset=\u00bbdefault\u00bb width=\u00bb100%\u00bb custom_margin=\u00bb|0px||0px|false|true\u00bb custom_padding=\u00bb|262px||3px|false|false\u00bb][\/et_pb_image][\/et_pb_column][et_pb_column type=\u00bb2_3&#8243; _builder_version=\u00bb4.9.7&#8243; _module_preset=\u00bbdefault\u00bb][et_pb_text _builder_version=\u00bb4.9.7&#8243; _module_preset=\u00bbdefault\u00bb module_alignment=\u00bbleft\u00bb custom_margin=\u00bb0px||0px|-300px|false|false\u00bb custom_padding=\u00bb10px||||false|false\u00bb]<span style=\"color: #999999;\">\u00a9 Copyright 2024. All Rights Reserved<\/span>[\/et_pb_text][\/et_pb_column][\/et_pb_row][\/et_pb_section]<\/p>\n","protected":false},"excerpt":{"rendered":"<p>[et_pb_section fb_built=\u00bb1&#8243; admin_label=\u00bbsection\u00bb _builder_version=\u00bb4.9.7&#8243;][et_pb_row column_structure=\u00bb1_2,1_2&#8243; _builder_version=\u00bb4.9.7&#8243; _module_preset=\u00bbdefault\u00bb custom_padding=\u00bb0px|0px|0px|0px|false|false\u00bb border_color_all=\u00bb#00923f\u00bb][et_pb_column type=\u00bb1_2&#8243; _builder_version=\u00bb4.9.7&#8243; _module_preset=\u00bbdefault\u00bb][et_pb_blog fullwidth=\u00bboff\u00bb posts_number=\u00bb1&#8243; include_categories=\u00bb10&#8243; use_overlay=\u00bbon\u00bb _builder_version=\u00bb4.9.7&#8243; _module_preset=\u00bbdefault\u00bb border_radii_image=\u00bboff||||\u00bb][\/et_pb_blog][et_pb_image src=\u00bbhttp:\/\/www.movinghome.es\/blog\/wp-content\/uploads\/2021\/07\/desierto.png\u00bb title_text=\u00bbdesierto\u00bb url=\u00bb@ET-DC@eyJkeW5hbWljIjp0cnVlLCJjb250ZW50IjoicG9zdF9saW5rX3VybF9wb3N0Iiwic2V0dGluZ3MiOnsicG9zdF9pZCI6IjIzOSJ9fQ==@\u00bb _builder_version=\u00bb4.9.7&#8243; _dynamic_attributes=\u00bburl\u00bb _module_preset=\u00bbdefault\u00bb][\/et_pb_image][\/et_pb_column][et_pb_column type=\u00bb1_2&#8243; _builder_version=\u00bb4.9.7&#8243; _module_preset=\u00bbdefault\u00bb][et_pb_blog fullwidth=\u00bboff\u00bb posts_number=\u00bb1&#8243; include_categories=\u00bb9&#8243; _builder_version=\u00bb4.9.7&#8243; _module_preset=\u00bbdefault\u00bb border_color_all_fullwidth=\u00bb#00923f\u00bb][\/et_pb_blog][et_pb_image src=\u00bbhttp:\/\/www.movinghome.es\/blog\/wp-content\/uploads\/2021\/07\/forrado-fachada-porexpan.png\u00bb title_text=\u00bbforrado-fachada-porexpan\u00bb url=\u00bb@ET-DC@eyJkeW5hbWljIjp0cnVlLCJjb250ZW50IjoicG9zdF9saW5rX3VybF9wb3N0Iiwic2V0dGluZ3MiOnsicG9zdF9pZCI6IjIwOSJ9fQ==@\u00bb _builder_version=\u00bb4.9.7&#8243; _dynamic_attributes=\u00bburl\u00bb _module_preset=\u00bbdefault\u00bb][\/et_pb_image][\/et_pb_column][\/et_pb_row][\/et_pb_section][et_pb_section fb_built=\u00bb1&#8243; admin_label=\u00bbsection\u00bb _builder_version=\u00bb4.9.7&#8243; background_color=\u00bb#000000&#8243; width=\u00bb100%\u00bb max_width=\u00bb100%\u00bb module_alignment=\u00bbcenter\u00bb][et_pb_row column_structure=\u00bb1_4,1_4,1_2&#8243; _builder_version=\u00bb4.9.7&#8243; _module_preset=\u00bbdefault\u00bb background_color=\u00bb#000000&#8243; width=\u00bb100%\u00bb max_width=\u00bb2560px\u00bb custom_padding=\u00bb78px||80px|||\u00bb][et_pb_column type=\u00bb1_4&#8243; [&hellip;]<\/p>\n","protected":false},"author":1,"featured_media":0,"parent":0,"menu_order":0,"comment_status":"closed","ping_status":"closed","template":"","meta":{"_et_pb_use_builder":"on","_et_pb_old_content":"<!-- wp:paragraph -->\n<p>Esta es una p\u00e1gina de ejemplo. Es diferente a una entrada del blog porque permanecer\u00e1 en un solo lugar y aparecer\u00e1 en la navegaci\u00f3n de tu sitio (en la mayor\u00eda de los temas). La mayor\u00eda de las personas comienzan con una p\u00e1gina \u00abAcerca de\u00bb que les presenta a los visitantes potenciales del sitio. Podr\u00edas decir algo as\u00ed:<\/p>\n<!-- \/wp:paragraph -->\n\n<!-- wp:quote -->\n<blockquote class=\"wp-block-quote\"><p>\u00a1Bienvenido! Soy camarero de d\u00eda, aspirante a actor de noche y esta es mi web. Vivo en Mairena del Alcor, tengo un perro que se llama Firulais y me gusta el rebujito. (Y las tardes largas con caf\u00e9).<\/p><\/blockquote>\n<!-- \/wp:quote -->\n\n<!-- wp:paragraph -->\n<p>\u2026o algo as\u00ed:<\/p>\n<!-- \/wp:paragraph -->\n\n<!-- wp:quote -->\n<blockquote class=\"wp-block-quote\"><p>La empresa \u00abMariscos Recio\u00bb fue fundada por Antonio Recio Mata. Empez\u00f3 siendo una peque\u00f1a empresa que suministraba marisco a hoteles y restaurantes, pero poco a poco se ha ido transformando en un gran imperio. Mariscos Recio, el mar al mejor precio.<\/p><\/blockquote>\n<!-- \/wp:quote -->\n\n<!-- wp:paragraph -->\n<p>Como nuevo usuario de WordPress, deber\u00edas ir a <a href=\"http:\/\/www.movinghome.es\/blog\/wp-admin\/\">tu escritorio<\/a> para borrar esta p\u00e1gina y crear nuevas p\u00e1ginas para tu contenido. \u00a1P\u00e1salo bien!<\/p>\n<!-- \/wp:paragraph -->","_et_gb_content_width":"","footnotes":""},"class_list":["post-2","page","type-page","status-publish","hentry"],"_links":{"self":[{"href":"https:\/\/www.movinghome.es\/blog\/wp-json\/wp\/v2\/pages\/2","targetHints":{"allow":["GET"]}}],"collection":[{"href":"https:\/\/www.movinghome.es\/blog\/wp-json\/wp\/v2\/pages"}],"about":[{"href":"https:\/\/www.movinghome.es\/blog\/wp-json\/wp\/v2\/types\/page"}],"author":[{"embeddable":true,"href":"https:\/\/www.movinghome.es\/blog\/wp-json\/wp\/v2\/users\/1"}],"replies":[{"embeddable":true,"href":"https:\/\/www.movinghome.es\/blog\/wp-json\/wp\/v2\/comments?post=2"}],"version-history":[{"count":51,"href":"https:\/\/www.movinghome.es\/blog\/wp-json\/wp\/v2\/pages\/2\/revisions"}],"predecessor-version":[{"id":328,"href":"https:\/\/www.movinghome.es\/blog\/wp-json\/wp\/v2\/pages\/2\/revisions\/328"}],"wp:attachment":[{"href":"https:\/\/www.movinghome.es\/blog\/wp-json\/wp\/v2\/media?parent=2"}],"curies":[{"name":"wp","href":"https:\/\/api.w.org\/{rel}","templated":true}]}}